{"id":505,"date":"2016-11-06T05:24:56","date_gmt":"2016-11-06T05:24:56","guid":{"rendered":"http:\/\/bioxytol.es\/inicio\/"},"modified":"2022-03-14T07:06:28","modified_gmt":"2022-03-14T07:06:28","slug":"inicio","status":"publish","type":"page","link":"https:\/\/bioxytol.es\/en\/","title":{"rendered":"Inicio"},"content":{"rendered":"<p>[vc_row][vc_column]<a id=\"home\" class=\"ancor\"><\/a><div id=\"start-screen\" class=\"start-screen start-screen--static-bg start-screen--static-bg--style-1\"><div class=\"start-screen__static-bg parallax\" data-stellar-background-ratio=\"0.5\" data-stellar-vertical-offset=\"300\" data-stellar-offset-parent=\"true\" style=\"background-image: url(https:\/\/bioxytol.es\/wp-content\/uploads\/2021\/12\/mantenimiento_1920x1280.jpg)\"><div class=\"pattern\" style=\"background-color:rgba(0,0,0,0.61)\"><\/div><\/div><div class=\"start-screen__content-container\"><div class=\"start-screen__content\"><div class=\"v-align\"><div class=\"v-bottom\"><div class=\"container\"><div class=\"row\"><div class=\"col-xs-12 col-sm-7\"><h1 class=\"title\">New generation sweeteners<\/h1><p class=\"hero-desc\">We convert natural raw materials into Healthy and Low Calorie Sweeteners<\/p><p class=\"hero-btn\"><a href=\"#services\" class=\"start-screen__btn\">Saber m\u00e1s<\/a><\/p><\/div><div class=\"col-xs-12 col-sm-5 col-md-4 col-md-offset-1\"><div class=\"hero-form\"><div class=\"text\"><h4 class=\"heading\">More information<\/h4><p class=\"form-desc\">If you want more information about Bioxytol fill out the following form.<\/p><\/div><div role=\"form\" class=\"wpcf7\" id=\"wpcf7-f511-o1\" lang=\"en-US\" dir=\"ltr\">\n<div class=\"screen-reader-response\"><p role=\"status\" aria-live=\"polite\" aria-atomic=\"true\"><\/p> <ul><\/ul><\/div>\n<form action=\"\/en\/wp-json\/wp\/v2\/pages\/505#wpcf7-f511-o1\" method=\"post\" class=\"wpcf7-form init\" novalidate=\"novalidate\" data-status=\"init\">\n<div style=\"display: none;\">\n<input type=\"hidden\" name=\"_wpcf7\" value=\"511\" \/>\n<input type=\"hidden\" name=\"_wpcf7_version\" value=\"5.5.6\" \/>\n<input type=\"hidden\" name=\"_wpcf7_locale\" value=\"en_US\" \/>\n<input type=\"hidden\" name=\"_wpcf7_unit_tag\" value=\"wpcf7-f511-o1\" \/>\n<input type=\"hidden\" name=\"_wpcf7_container_post\" value=\"0\" \/>\n<input type=\"hidden\" name=\"_wpcf7_posted_data_hash\" value=\"\" \/>\n<\/div>\n<p><label class=\"input-wrp\"><span class=\"wpcf7-form-control-wrap nombre\"><input type=\"text\" name=\"nombre\" value=\"\" size=\"40\" class=\"wpcf7-form-control wpcf7-text wpcf7-validates-as-required\" aria-required=\"true\" aria-invalid=\"false\" placeholder=\"Name\" \/><\/span><i class=\"fontello-user\"><\/i><\/label><br \/>\n<label class=\"input-wrp\"><span class=\"wpcf7-form-control-wrap email\"><input type=\"email\" name=\"email\" value=\"\" size=\"40\" class=\"wpcf7-form-control wpcf7-text wpcf7-email wpcf7-validates-as-required wpcf7-validates-as-email\" aria-required=\"true\" aria-invalid=\"false\" placeholder=\"E-mail\" \/><\/span><i class=\"fontello-mail\"><\/i><\/label><br \/>\n<label class=\"input-wrp\"><span class=\"wpcf7-form-control-wrap telefono\"><input type=\"tel\" name=\"telefono\" value=\"\" size=\"40\" class=\"wpcf7-form-control wpcf7-text wpcf7-tel wpcf7-validates-as-tel\" aria-invalid=\"false\" placeholder=\"Phone\" \/><\/span><i class=\"fontello-mobile\"><\/i><\/label><br \/>\n<label class=\"input-wrp\"><span class=\"wpcf7-form-control-wrap acceptance-260\"><span class=\"wpcf7-form-control wpcf7-acceptance\"><span class=\"wpcf7-list-item\"><label><input type=\"checkbox\" name=\"acceptance-260\" value=\"1\" aria-invalid=\"false\" class=\"rgpd-inline\" \/><span class=\"wpcf7-list-item-label\">I accept the <a href=\"http:\/\/bioxytol.es\/politica-privacidad\/\" style=\"color: #fff !important;\">Privacy Policy.<\/a><\/span><\/label><\/span><\/span><\/span><\/label><\/p>\n<div class=\"btn-wrp\"><input type=\"submit\" value=\"Send\" class=\"wpcf7-form-control has-spinner wpcf7-submit submit-btn\" \/><\/div>\n<div class=\"wpcf7-response-output\" aria-hidden=\"true\"><\/div><\/form><\/div><\/div><\/div><\/div><\/div><\/div><\/div><\/div><\/div><\/div>[\/vc_column][\/vc_row][vc_row el_class=&#8221;espacio-movil&#8221;][vc_column][vc_empty_space][\/vc_column][\/vc_row][vc_row][vc_column]<!-- start section --><a id=\"about\" class=\"ancor\"><\/a><section class=\"section section-about section-about--style-1 section--background-base\"><div class=\"container-fluid\"><div class=\"section-heading section-heading--center section-heading--white  hidden-md hidden-lg\"><h2 class=\"title h1\">About us<\/h2><p class=\"sec-desc\"><strong>We develop and manufacture a range of new generation sweeteners, to satisfy those consumers which are most exigent with quality, taste and health.<\/strong><\/p><\/div><div class=\"row\"><div class=\"col-xs-12 col-md-6\"><div class=\"img-place\"><img class=\"center-block\" src=\"https:\/\/bioxytol.es\/wp-content\/uploads\/2021\/12\/sobre_nostros.jpg\" alt=\"demo\" \/><\/div><\/div><\/div><\/div><div class=\"container\"><div class=\"row\"><div class=\"col-xs-12 col-md-6 col-md-offset-6\"><div class=\"col-md-MB-30\"><div class=\"section-heading section-heading--left section-heading--white  visible-md visible-lg\"><h2 class=\"title h1\">About us<\/h2><p class=\"sec-desc\"><strong>We develop and manufacture a range of new generation sweeteners, to satisfy those consumers which are most exigent with quality, taste and health.<\/strong><\/p><\/div><\/div><p class=\"\">Bioxytol is founded in 2021 to develop, manufacture and commercialise next generation sweeteners and to explore product development opportunities within the \u20ac50bn world sugar market where health welfare is a major and growing concern for consumers worldwide utilising new green pathway technology.<br \/>\nThe advantages of producing Erythritol using BioxytolTechnology is producing erythritol (from glycerol) to commence with and then develop and progress to produce allulose, and Isomaltulose (both from beet sugar syrup waste)<br \/>\nConsumers now want food and beverages that are healthier, naturally produced using less of the planet\u2019s resources and still maintaining a great taste profiles while respecting the integrity of the planet. The new generation products are low calorie sweeteners which do not metabolize in the human gut and therefore, do not flow into the bloodstream and hence the blood sugar level is very controlled, helping people with diabetes and those with cardiovascular conditions.<br \/>\nThey are replacements of sucrose, sharing similar sweet sense and fine taste. They have been approved as a safer sucrose substitute with some advantages, including higher stability and lower digestibility.<\/p><\/div><\/div><\/div><\/section><!-- end section -->[\/vc_column][\/vc_row][vc_row el_class=&#8221;espacio-movil&#8221;][vc_column][vc_empty_space][\/vc_column][\/vc_row][vc_row parallax=&#8221;content-moving-fade&#8221; parallax_image=&#8221;365&#8243; css=&#8221;.vc_custom_1641281914432{margin-top: 130px !important;margin-bottom: 50px !important;}&#8221;][vc_column][vc_row_inner][vc_column_inner width=&#8221;1\/6&#8243;][\/vc_column_inner][vc_column_inner el_class=&#8221;caja-producto&#8221; width=&#8221;2\/3&#8243; css=&#8221;.vc_custom_1641199566850{padding-top: 20px !important;padding-right: 20px !important;padding-bottom: 20px !important;padding-left: 20px !important;}&#8221;][vc_custom_heading text=&#8221;Erithrytol&#8221; google_fonts=&#8221;font_family:Raleway%3A100%2C200%2C300%2Cregular%2C500%2C600%2C700%2C800%2C900|font_style:500%20bold%20regular%3A500%3Anormal&#8221; el_class=&#8221;title h1&#8243; el_id=&#8221;producto&#8221;][vc_custom_heading text=&#8221;Erithrytol and other sweeteners&#8221; font_container=&#8221;tag:p|font_size:1.6rem|text_align:left|color:%23a7a7a7&#8243; google_fonts=&#8221;font_family:Raleway%3A100%2C200%2C300%2Cregular%2C500%2C600%2C700%2C800%2C900|font_style:500%20bold%20regular%3A500%3Anormal&#8221; el_class=&#8221;sec-desc&#8221;][vc_column_text]With a sweetness equivalent to about 75% of the same amount of sugar, Our Products (polyols &#8211; erythritol, isomaltulose and soon xylitol and allulose) are natural and healthy sweeteners.<\/p>\n<ul>\n<li>Most polyols, including erythritol, are 70% sweeter than sucrose so less product gives the same flavor.<\/li>\n<li>Our sweeteners vary in terms of caloric value and effect on blood sugar, although they all have a glycemic index at least 70% lower than sucrose. This has a great benefit for health and especially for diabetics who, in this way, can enjoy sweet flavors without putting their health at risk.<\/li>\n<li>Erythritol and other sweeteners in our range of products are absorbed to a lesser extent than sucrose by the body.<\/li>\n<li>In addition, we have developed other processes to produce allulose, another polyol, which also has a very low calorific value, with the added benefit that it also helps control weight.<\/li>\n<\/ul>\n<div class=\"list__item clearfix\">\n<p><img decoding=\"async\" loading=\"lazy\" class=\"size-medium wp-image-374 aligncenter\" src=\"http:\/\/bioxytol.es\/wp-content\/uploads\/2022\/01\/eritritol-300x91.jpg\" alt=\"\" width=\"300\" height=\"91\" srcset=\"https:\/\/bioxytol.es\/wp-content\/uploads\/2022\/01\/eritritol-300x91.jpg 300w, https:\/\/bioxytol.es\/wp-content\/uploads\/2022\/01\/eritritol.jpg 532w\" sizes=\"(max-width: 300px) 100vw, 300px\" \/><\/p>\n<\/div>\n<p>[\/vc_column_text][\/vc_column_inner][vc_column_inner width=&#8221;1\/6&#8243;][\/vc_column_inner][\/vc_row_inner][\/vc_column][\/vc_row][vc_row full_width=&#8221;stretch_row&#8221; el_class=&#8221;section&#8211;background-base-light&#8221;][vc_column]<!-- start section --><a id=\"producto\" class=\"ancor\"><\/a><section class=\"section section--background-base-light\"><div class=\"container\"><div class=\"section-heading section-heading--center\"><h2 class=\"title h1\">Process<\/h2><p class=\"sec-desc\">From carbon source to low calories sweeteners<\/p><\/div><div class=\"list-with-icon list-with-icon--style-4\"><div class=\"list__inner\"><div class=\"row\"><!-- start item --><div class=\"col-xs-12 col-sm-6 col-md-4\"><div class=\"list__item text-center\"><img class=\"list__item__ico img-responsive\" src=\"https:\/\/bioxytol.es\/wp-content\/uploads\/2022\/01\/iconos_1.png\" alt=\"img-icon\" \/><h3 class=\"list__item__title\">Raw material<\/h3><p class=\"list-desc\">We use natural raw materials such as glycerol, MSW or corn syrup.<\/p><\/div><\/div><!-- end item --><!-- start item --><div class=\"col-xs-12 col-sm-6 col-md-4\"><div class=\"list__item text-center\"><img class=\"list__item__ico img-responsive\" src=\"https:\/\/bioxytol.es\/wp-content\/uploads\/2022\/01\/iconos_2.png\" alt=\"img-icon\" \/><h3 class=\"list__item__title\">Own Technology<\/h3><p class=\"list-desc\">We have our own technology to develop the process and obtain the final product.<\/p><\/div><\/div><!-- end item --><!-- start item --><div class=\"col-xs-12 col-sm-6 col-md-4\"><div class=\"list__item text-center\"><img class=\"list__item__ico img-responsive\" src=\"https:\/\/bioxytol.es\/wp-content\/uploads\/2022\/01\/iconos_3.png\" alt=\"img-icon\" \/><h3 class=\"list__item__title\">Result<\/h3><p class=\"list-desc\">Our products (Erythritol and Isomaltutose) are natural and healthy sweeteners.<\/p><\/div><\/div><!-- end item --><\/div><\/div><\/div><\/div><\/section><!-- end section -->[vc_row_inner][vc_column_inner][vc_column_text]<\/p>\n<p style=\"text-align: center;\">Bioxytol convierte materias primas naturales en Edulcorantes Bajos en Calor\u00edas.<\/p>\n<p>[\/vc_column_text][\/vc_column_inner][\/vc_row_inner][vc_row_inner][vc_column_inner width=&#8221;1\/6&#8243;][\/vc_column_inner][vc_column_inner width=&#8221;2\/3&#8243;][vc_column_text]<\/p>\n<p style=\"text-align: center;\">Bioxytol converts natural raw materials into Low Calorie Sweeteners.<\/p>\n<p style=\"text-align: center;\">By closing the loop and using glycerol extracted from biodiesel production, we will produce low-carbon and sustainable sweetener products, expanding and nurturing a consumer first choice and availability.<\/p>\n<p style=\"text-align: center;\">Glycerol that is produced as by-product of biodiesel, which itself is produced from used cooking oil (produced from naturally grown oil seeds and hence &#8220;green&#8221;)or waste animal fat (and hence circular)<\/p>\n<p>[\/vc_column_text][\/vc_column_inner][vc_column_inner width=&#8221;1\/6&#8243;][\/vc_column_inner][\/vc_row_inner][\/vc_column][\/vc_row][vc_row][vc_column el_class=&#8221;ventajas-aplicaciones&#8221;]<!-- start section --><a id=\"aplicaciones\" class=\"ancor\"><\/a><section class=\"section\"><div class=\"container\"><div class=\"section-heading section-heading--center\"><h2 class=\"title h1\">Advantages and applications<\/h2><p class=\"sec-desc\">Bioxytol converts natural raw materials into Sweeteners<\/p><\/div><div class=\"list-with-icon list-with-icon--style-1\"><div class=\"list__inner\"><div class=\"row\"><!-- start item --><div class=\"col-xs-12 col-md-4\"><div class=\"list__item\"><img class=\"list__item__ico img-responsive\" src=\"https:\/\/bioxytol.es\/wp-content\/uploads\/2022\/01\/home_icono_calidad.svg\" alt=\"img-icon\" \/><h3 class=\"list__item__title\">Taste and quality<\/h3><p class=\"list-desc\">Substitutes for sucrose, sharing a sweet sensation with better digestibility.<\/p><\/div><\/div><!-- end item --><!-- start item --><div class=\"col-xs-12 col-md-4\"><div class=\"list__item\"><img class=\"list__item__ico img-responsive\" src=\"https:\/\/bioxytol.es\/wp-content\/uploads\/2022\/01\/home_icono_saludable.svg\" alt=\"img-icon\" \/><h3 class=\"list__item__title\">Healthy<\/h3><p class=\"list-desc\">Our products are low calorie sweeteners that are not metabolized in the human intestine and therefore do not flow into the bloodstream.<\/p><\/div><\/div><!-- end item --><!-- start item --><div class=\"col-xs-12 col-md-4\"><div class=\"list__item\"><img class=\"list__item__ico img-responsive\" src=\"https:\/\/bioxytol.es\/wp-content\/uploads\/2022\/01\/home_icono_diabeticos.svg\" alt=\"img-icon\" \/><h3 class=\"list__item__title\">Suitable for diabetics<\/h3><p class=\"list-desc\">Erythritol achieves a sweetening power equivalent to glucose without the impact it has on the body.<\/p><\/div><\/div><!-- end item --><!-- start item --><div class=\"col-xs-12 col-md-4\"><div class=\"list__item\"><img class=\"list__item__ico img-responsive\" src=\"https:\/\/bioxytol.es\/wp-content\/uploads\/2022\/01\/home_icono_bio.svg\" alt=\"img-icon\" \/><h3 class=\"list__item__title\">Biobased product<\/h3><p class=\"list-desc\">Own technology for the production from natural substrates and through a biological process.<\/p><\/div><\/div><!-- end item --><!-- start item --><div class=\"col-xs-12 col-md-4\"><div class=\"list__item\"><img class=\"list__item__ico img-responsive\" src=\"https:\/\/bioxytol.es\/wp-content\/uploads\/2022\/01\/home_icono_planeta.svg\" alt=\"img-icon\" \/><h3 class=\"list__item__title\">We take care of the planet<\/h3><p class=\"list-desc\">We use the planet's resources less intensively in our production process.<\/p><\/div><\/div><!-- end item --><!-- start item --><div class=\"col-xs-12 col-md-4\"><div class=\"list__item\"><img class=\"list__item__ico img-responsive\" src=\"https:\/\/bioxytol.es\/wp-content\/uploads\/2022\/01\/home_icono_multiple_uso.svg\" alt=\"img-icon\" \/><h3 class=\"list__item__title\">Multiple applications<\/h3><p class=\"list-desc\">Additive for non-alcoholic beverages, cereals, candies and glazes, frozen dairy desserts, salad dressings, jams etc.<\/p><\/div><\/div><!-- end item --><\/div><\/div><\/div><\/div><\/section><!-- end section -->[\/vc_column][\/vc_row][vc_row][vc_column][vc_custom_heading text=&#8221;News&#8221; font_container=&#8221;tag:h2|text_align:center&#8221; google_fonts=&#8221;font_family:Raleway%3A100%2C200%2C300%2Cregular%2C500%2C600%2C700%2C800%2C900|font_style:500%20bold%20regular%3A500%3Anormal&#8221;][vc_row_inner][vc_column_inner width=&#8221;1\/3&#8243;][\/vc_column_inner][vc_column_inner width=&#8221;1\/3&#8243;][vc_single_image image=&#8221;598&#8243; img_size=&#8221;full&#8221; onclick=&#8221;custom_link&#8221; img_link_target=&#8221;_blank&#8221; link=&#8221;https:\/\/www.diariodeavila.es\/Noticia\/Z5F9A5462-B955-5EB7-709CD945E02A7054\/202203\/Arevalo-acogera-una-fabrica-de-edulcorante-natural&#8221;][vc_column_text]<a href=\"https:\/\/www.diariodeavila.es\/Noticia\/Z5F9A5462-B955-5EB7-709CD945E02A7054\/202203\/Arevalo-acogera-una-fabrica-de-edulcorante-natural\" target=\"_blank\" rel=\"noopener\"><strong>La sociedad brit\u00e1nica Kamaljit Sood es la promotora de este proyecto que se ubicar\u00e1 en el pol\u00edgono industrial, en el que se invertir\u00e1n m\u00e1s de 20 millones y que crear\u00e1 25 puestos de trabajo directos<\/strong><\/a>[\/vc_column_text][\/vc_column_inner][vc_column_inner width=&#8221;1\/3&#8243;][\/vc_column_inner][\/vc_row_inner][\/vc_column][\/vc_row]<\/p>\n","protected":false},"excerpt":{"rendered":"<p>[vc_row][vc_column][\/vc_column][\/vc_row][vc_row el_class=&#8221;espacio-movil&#8221;][vc_column][vc_empty_space][\/vc_column][\/vc_row][vc_row][vc_column][\/vc_column][\/vc_row][vc_row el_class=&#8221;espacio-movil&#8221;][vc_column][vc_empty_space][\/vc_column][\/vc_row][vc_row parallax=&#8221;content-moving-fade&#8221; parallax_image=&#8221;365&#8243; css=&#8221;.vc_custom_1641281914432{margin-top: 130px !important;margin-bottom: 50px !important;}&#8221;][vc_column][vc_row_inner][vc_column_inner width=&#8221;1\/6&#8243;][\/vc_column_inner][vc_column_inner el_class=&#8221;caja-producto&#8221; width=&#8221;2\/3&#8243; css=&#8221;.vc_custom_1641199566850{padding-top: 20px !important;padding-right: 20px !important;padding-bottom: 20px !important;padding-left: 20px !important;}&#8221;][vc_custom_heading text=&#8221;Erithrytol&#8221; google_fonts=&#8221;font_family:Raleway%3A100%2C200%2C300%2Cregular%2C500%2C600%2C700%2C800%2C900|font_style:500%20bold%20regular%3A500%3Anormal&#8221; el_class=&#8221;title h1&#8243; el_id=&#8221;producto&#8221;][vc_custom_heading text=&#8221;Erithrytol and other sweeteners&#8221; font_container=&#8221;tag:p|font_size:1.6rem|text_align:left|color:%23a7a7a7&#8243; google_fonts=&#8221;font_family:Raleway%3A100%2C200%2C300%2Cregular%2C500%2C600%2C700%2C800%2C900|font_style:500%20bold%20regular%3A500%3Anormal&#8221; el_class=&#8221;sec-desc&#8221;][vc_column_text]With a sweetness equivalent to about 75% of the same amount of sugar, Our Products (polyols &#8211; erythritol, isomaltulose and soon xylitol [&hellip;]<\/p>\n","protected":false},"author":1,"featured_media":0,"parent":0,"menu_order":0,"comment_status":"open","ping_status":"closed","template":"one-page-template.php","meta":{"inline_featured_image":false},"yoast_head":"<!-- This site is optimized with the Yoast SEO plugin v19.2 - https:\/\/yoast.com\/wordpress\/plugins\/seo\/ -->\n<title>Inicio - Bioxytol<\/title>\n<meta name=\"robots\" content=\"index, follow, max-snippet:-1, max-image-preview:large, max-video-preview:-1\" \/>\n<link rel=\"canonical\" href=\"https:\/\/bioxytol.es\/en\/\" \/>\n<meta property=\"og:locale\" content=\"en_US\" \/>\n<meta property=\"og:type\" content=\"article\" \/>\n<meta property=\"og:title\" content=\"Inicio - Bioxytol\" \/>\n<meta property=\"og:description\" content=\"[vc_row][vc_column][\/vc_column][\/vc_row][vc_row el_class=&#8221;espacio-movil&#8221;][vc_column][vc_empty_space][\/vc_column][\/vc_row][vc_row][vc_column][\/vc_column][\/vc_row][vc_row el_class=&#8221;espacio-movil&#8221;][vc_column][vc_empty_space][\/vc_column][\/vc_row][vc_row parallax=&#8221;content-moving-fade&#8221; parallax_image=&#8221;365&#8243; css=&#8221;.vc_custom_1641281914432{margin-top: 130px !important;margin-bottom: 50px !important;}&#8221;][vc_column][vc_row_inner][vc_column_inner width=&#8221;1\/6&#8243;][\/vc_column_inner][vc_column_inner el_class=&#8221;caja-producto&#8221; width=&#8221;2\/3&#8243; css=&#8221;.vc_custom_1641199566850{padding-top: 20px !important;padding-right: 20px !important;padding-bottom: 20px !important;padding-left: 20px !important;}&#8221;][vc_custom_heading text=&#8221;Erithrytol&#8221; google_fonts=&#8221;font_family:Raleway%3A100%2C200%2C300%2Cregular%2C500%2C600%2C700%2C800%2C900|font_style:500%20bold%20regular%3A500%3Anormal&#8221; el_class=&#8221;title h1&#8243; el_id=&#8221;producto&#8221;][vc_custom_heading text=&#8221;Erithrytol and other sweeteners&#8221; font_container=&#8221;tag:p|font_size:1.6rem|text_align:left|color:%23a7a7a7&#8243; google_fonts=&#8221;font_family:Raleway%3A100%2C200%2C300%2Cregular%2C500%2C600%2C700%2C800%2C900|font_style:500%20bold%20regular%3A500%3Anormal&#8221; el_class=&#8221;sec-desc&#8221;][vc_column_text]With a sweetness equivalent to about 75% of the same amount of sugar, Our Products (polyols &#8211; erythritol, isomaltulose and soon xylitol [&hellip;]\" \/>\n<meta property=\"og:url\" content=\"https:\/\/bioxytol.es\/en\/\" \/>\n<meta property=\"og:site_name\" content=\"Bioxytol\" \/>\n<meta property=\"article:modified_time\" content=\"2022-03-14T07:06:28+00:00\" \/>\n<meta property=\"og:image\" content=\"http:\/\/bioxytol.es\/wp-content\/uploads\/2022\/01\/eritritol-300x91.jpg\" \/>\n<meta name=\"author\" content=\"info@bioxytol.es\" \/>\n<meta name=\"twitter:card\" content=\"summary_large_image\" \/>\n<meta name=\"twitter:label1\" content=\"Est. reading time\" \/>\n\t<meta name=\"twitter:data1\" content=\"7 minutes\" \/>\n<script type=\"application\/ld+json\" class=\"yoast-schema-graph\">{\"@context\":\"https:\/\/schema.org\",\"@graph\":[{\"@type\":\"WebSite\",\"@id\":\"https:\/\/bioxytol.es\/#website\",\"url\":\"https:\/\/bioxytol.es\/\",\"name\":\"Bioxytol\",\"description\":\"Convertimos materias primas naturales en Edulcorantes  Saludables y Bajos en Calor\u00edas\",\"potentialAction\":[{\"@type\":\"SearchAction\",\"target\":{\"@type\":\"EntryPoint\",\"urlTemplate\":\"https:\/\/bioxytol.es\/?s={search_term_string}\"},\"query-input\":\"required name=search_term_string\"}],\"inLanguage\":\"en-US\"},{\"@type\":\"ImageObject\",\"inLanguage\":\"en-US\",\"@id\":\"https:\/\/bioxytol.es\/en\/#primaryimage\",\"url\":\"http:\/\/bioxytol.es\/wp-content\/uploads\/2022\/01\/eritritol-300x91.jpg\",\"contentUrl\":\"http:\/\/bioxytol.es\/wp-content\/uploads\/2022\/01\/eritritol-300x91.jpg\"},{\"@type\":\"WebPage\",\"@id\":\"https:\/\/bioxytol.es\/en\/#webpage\",\"url\":\"https:\/\/bioxytol.es\/en\/\",\"name\":\"Inicio - Bioxytol\",\"isPartOf\":{\"@id\":\"https:\/\/bioxytol.es\/#website\"},\"primaryImageOfPage\":{\"@id\":\"https:\/\/bioxytol.es\/en\/#primaryimage\"},\"datePublished\":\"2016-11-06T05:24:56+00:00\",\"dateModified\":\"2022-03-14T07:06:28+00:00\",\"breadcrumb\":{\"@id\":\"https:\/\/bioxytol.es\/en\/#breadcrumb\"},\"inLanguage\":\"en-US\",\"potentialAction\":[{\"@type\":\"ReadAction\",\"target\":[\"https:\/\/bioxytol.es\/en\/\"]}]},{\"@type\":\"BreadcrumbList\",\"@id\":\"https:\/\/bioxytol.es\/en\/#breadcrumb\",\"itemListElement\":[{\"@type\":\"ListItem\",\"position\":1,\"name\":\"Portada\",\"item\":\"https:\/\/bioxytol.es\/en\/\"},{\"@type\":\"ListItem\",\"position\":2,\"name\":\"Inicio\"}]}]}<\/script>\n<!-- \/ Yoast SEO plugin. -->","yoast_head_json":{"title":"Inicio - Bioxytol","robots":{"index":"index","follow":"follow","max-snippet":"max-snippet:-1","max-image-preview":"max-image-preview:large","max-video-preview":"max-video-preview:-1"},"canonical":"https:\/\/bioxytol.es\/en\/","og_locale":"en_US","og_type":"article","og_title":"Inicio - Bioxytol","og_description":"[vc_row][vc_column][\/vc_column][\/vc_row][vc_row el_class=&#8221;espacio-movil&#8221;][vc_column][vc_empty_space][\/vc_column][\/vc_row][vc_row][vc_column][\/vc_column][\/vc_row][vc_row el_class=&#8221;espacio-movil&#8221;][vc_column][vc_empty_space][\/vc_column][\/vc_row][vc_row parallax=&#8221;content-moving-fade&#8221; parallax_image=&#8221;365&#8243; css=&#8221;.vc_custom_1641281914432{margin-top: 130px !important;margin-bottom: 50px !important;}&#8221;][vc_column][vc_row_inner][vc_column_inner width=&#8221;1\/6&#8243;][\/vc_column_inner][vc_column_inner el_class=&#8221;caja-producto&#8221; width=&#8221;2\/3&#8243; css=&#8221;.vc_custom_1641199566850{padding-top: 20px !important;padding-right: 20px !important;padding-bottom: 20px !important;padding-left: 20px !important;}&#8221;][vc_custom_heading text=&#8221;Erithrytol&#8221; google_fonts=&#8221;font_family:Raleway%3A100%2C200%2C300%2Cregular%2C500%2C600%2C700%2C800%2C900|font_style:500%20bold%20regular%3A500%3Anormal&#8221; el_class=&#8221;title h1&#8243; el_id=&#8221;producto&#8221;][vc_custom_heading text=&#8221;Erithrytol and other sweeteners&#8221; font_container=&#8221;tag:p|font_size:1.6rem|text_align:left|color:%23a7a7a7&#8243; google_fonts=&#8221;font_family:Raleway%3A100%2C200%2C300%2Cregular%2C500%2C600%2C700%2C800%2C900|font_style:500%20bold%20regular%3A500%3Anormal&#8221; el_class=&#8221;sec-desc&#8221;][vc_column_text]With a sweetness equivalent to about 75% of the same amount of sugar, Our Products (polyols &#8211; erythritol, isomaltulose and soon xylitol [&hellip;]","og_url":"https:\/\/bioxytol.es\/en\/","og_site_name":"Bioxytol","article_modified_time":"2022-03-14T07:06:28+00:00","og_image":[{"url":"http:\/\/bioxytol.es\/wp-content\/uploads\/2022\/01\/eritritol-300x91.jpg"}],"author":"info@bioxytol.es","twitter_card":"summary_large_image","twitter_misc":{"Est. reading time":"7 minutes"},"schema":{"@context":"https:\/\/schema.org","@graph":[{"@type":"WebSite","@id":"https:\/\/bioxytol.es\/#website","url":"https:\/\/bioxytol.es\/","name":"Bioxytol","description":"Convertimos materias primas naturales en Edulcorantes  Saludables y Bajos en Calor\u00edas","potentialAction":[{"@type":"SearchAction","target":{"@type":"EntryPoint","urlTemplate":"https:\/\/bioxytol.es\/?s={search_term_string}"},"query-input":"required name=search_term_string"}],"inLanguage":"en-US"},{"@type":"ImageObject","inLanguage":"en-US","@id":"https:\/\/bioxytol.es\/en\/#primaryimage","url":"http:\/\/bioxytol.es\/wp-content\/uploads\/2022\/01\/eritritol-300x91.jpg","contentUrl":"http:\/\/bioxytol.es\/wp-content\/uploads\/2022\/01\/eritritol-300x91.jpg"},{"@type":"WebPage","@id":"https:\/\/bioxytol.es\/en\/#webpage","url":"https:\/\/bioxytol.es\/en\/","name":"Inicio - Bioxytol","isPartOf":{"@id":"https:\/\/bioxytol.es\/#website"},"primaryImageOfPage":{"@id":"https:\/\/bioxytol.es\/en\/#primaryimage"},"datePublished":"2016-11-06T05:24:56+00:00","dateModified":"2022-03-14T07:06:28+00:00","breadcrumb":{"@id":"https:\/\/bioxytol.es\/en\/#breadcrumb"},"inLanguage":"en-US","potentialAction":[{"@type":"ReadAction","target":["https:\/\/bioxytol.es\/en\/"]}]},{"@type":"BreadcrumbList","@id":"https:\/\/bioxytol.es\/en\/#breadcrumb","itemListElement":[{"@type":"ListItem","position":1,"name":"Portada","item":"https:\/\/bioxytol.es\/en\/"},{"@type":"ListItem","position":2,"name":"Inicio"}]}]}},"_links":{"self":[{"href":"https:\/\/bioxytol.es\/en\/wp-json\/wp\/v2\/pages\/505"}],"collection":[{"href":"https:\/\/bioxytol.es\/en\/wp-json\/wp\/v2\/pages"}],"about":[{"href":"https:\/\/bioxytol.es\/en\/wp-json\/wp\/v2\/types\/page"}],"author":[{"embeddable":true,"href":"https:\/\/bioxytol.es\/en\/wp-json\/wp\/v2\/users\/1"}],"replies":[{"embeddable":true,"href":"https:\/\/bioxytol.es\/en\/wp-json\/wp\/v2\/comments?post=505"}],"version-history":[{"count":9,"href":"https:\/\/bioxytol.es\/en\/wp-json\/wp\/v2\/pages\/505\/revisions"}],"predecessor-version":[{"id":604,"href":"https:\/\/bioxytol.es\/en\/wp-json\/wp\/v2\/pages\/505\/revisions\/604"}],"wp:attachment":[{"href":"https:\/\/bioxytol.es\/en\/wp-json\/wp\/v2\/media?parent=505"}],"curies":[{"name":"wp","href":"https:\/\/api.w.org\/{rel}","templated":true}]}}